{"id":7751,"date":"2020-03-29T13:31:00","date_gmt":"2020-03-29T18:31:00","guid":{"rendered":"http:\/\/www.stjohnsonthegreen.org\/?page_id=7751"},"modified":"2024-02-06T18:12:05","modified_gmt":"2024-02-06T23:12:05","slug":"charles-w-mcmanis-at-the-mcmanis-organ-2","status":"publish","type":"page","link":"https:\/\/www.stjohnsonthegreen.org\/?page_id=7751","title":{"rendered":"Charles W. McManis at the McManis Organ"},"content":{"rendered":"<h2><b>Charles W. McManis at the McManis Organ<\/b><\/h2>\n<p>Organ builder and artist Charles W. McManis (1913-2004) plays the organ he designed and built for St. John&#8217;s in 1957 &#8211; and subsequently rebuilt in 1989 after a tornado caused extensive damage to this beautiful instrument. Mr. McManis himself introduces this 12-minute program of organ music, recorded in October 2000.<\/p>\n<p><span style=\"color: #407ec9;\">\u00d3rgano creador y artista Charles W. McManis (1913-2004) toca el \u00f3rgano que dise\u00f1a y construye por St. John&#8217;s en 1957, y posteriormente reconstruido en 1989 despu\u00e9s de que un tornado caus\u00f3 da\u00f1os extensos a este hermoso instrumento. El Sr. McManis presenta una programa de m\u00fasica de \u00f3rgano de 12 minutos, grabado en el Octubre de 2000.<\/span><\/p>\n<audio class=\"wp-audio-shortcode\" id=\"audio-7751-1\" preload=\"none\" style=\"width: 100%;\" controls=\"controls\"><source type=\"audio\/mpeg\" src=\"https:\/\/www.stjohnsonthegreen.org\/wp-content\/uploads\/2015\/02\/01-Charles-W.-McManis-at-the-McManis-Organ.mp3?_=1\" \/><a href=\"https:\/\/www.stjohnsonthegreen.org\/wp-content\/uploads\/2015\/02\/01-Charles-W.-McManis-at-the-McManis-Organ.mp3\">https:\/\/www.stjohnsonthegreen.org\/wp-content\/uploads\/2015\/02\/01-Charles-W.-McManis-at-the-McManis-Organ.mp3<\/a><\/audio>\n<p><\/p>\n<p><a href=\"http:\/\/www.amazon.com\/Wanted-Legacy-Charles-Mcmanis-Organbuilder\/dp\/0913499269\/ref=sr_1_15?ie=UTF8&amp;qid=1423941266&amp;sr=8-15&amp;keywords=a+crate+of+lions\"><img decoding=\"async\" src=\"https:\/\/www.stjohnsonthegreen.org\/wp-content\/uploads\/2015\/02\/McManis-book.jpg\" alt=\"\" width=\"600\" \/><\/a><\/p>\n","protected":false},"excerpt":{"rendered":"<p>Charles W. McManis at the McManis Organ Organ builder and artist Charles W. McManis (1913-2004) plays the organ he designed and built for St. John&#8217;s in 1957 &#8211; and subsequently &#8230;<\/p>\n","protected":false},"author":2,"featured_media":0,"parent":0,"menu_order":0,"comment_status":"closed","ping_status":"closed","template":"template-fullwidth.php","meta":{"footnotes":""},"class_list":["post-7751","page","type-page","status-publish","hentry"],"_links":{"self":[{"href":"https:\/\/www.stjohnsonthegreen.org\/index.php?rest_route=\/wp\/v2\/pages\/7751","targetHints":{"allow":["GET"]}}],"collection":[{"href":"https:\/\/www.stjohnsonthegreen.org\/index.php?rest_route=\/wp\/v2\/pages"}],"about":[{"href":"https:\/\/www.stjohnsonthegreen.org\/index.php?rest_route=\/wp\/v2\/types\/page"}],"author":[{"embeddable":true,"href":"https:\/\/www.stjohnsonthegreen.org\/index.php?rest_route=\/wp\/v2\/users\/2"}],"replies":[{"embeddable":true,"href":"https:\/\/www.stjohnsonthegreen.org\/index.php?rest_route=%2Fwp%2Fv2%2Fcomments&post=7751"}],"version-history":[{"count":1,"href":"https:\/\/www.stjohnsonthegreen.org\/index.php?rest_route=\/wp\/v2\/pages\/7751\/revisions"}],"predecessor-version":[{"id":13271,"href":"https:\/\/www.stjohnsonthegreen.org\/index.php?rest_route=\/wp\/v2\/pages\/7751\/revisions\/13271"}],"wp:attachment":[{"href":"https:\/\/www.stjohnsonthegreen.org\/index.php?rest_route=%2Fwp%2Fv2%2Fmedia&parent=7751"}],"curies":[{"name":"wp","href":"https:\/\/api.w.org\/{rel}","templated":true}]}}