{"id":15755,"date":"2026-04-15T12:29:05","date_gmt":"2026-04-15T17:29:05","guid":{"rendered":"https:\/\/www.stjohnsonthegreen.org\/?page_id=15755"},"modified":"2026-04-15T12:54:33","modified_gmt":"2026-04-15T17:54:33","slug":"concerts-on-the-green-presentssin-fronterassaturday-may-30-2026-at-700pm","status":"publish","type":"page","link":"https:\/\/www.stjohnsonthegreen.org\/?page_id=15755","title":{"rendered":"Saturday, May 30, 2026 at 7:00pm Concerts on the Green Presents Sin Fronteras"},"content":{"rendered":"<p><img loading=\"lazy\" decoding=\"async\" class=\"alignnone wp-image-15553\" src=\"https:\/\/www.stjohnsonthegreen.org\/wp-content\/uploads\/2026\/03\/Sin-Fronteras.jpg\" alt=\"\" width=\"680\" height=\"504\" srcset=\"https:\/\/www.stjohnsonthegreen.org\/wp-content\/uploads\/2026\/03\/Sin-Fronteras.jpg 1167w, https:\/\/www.stjohnsonthegreen.org\/wp-content\/uploads\/2026\/03\/Sin-Fronteras-600x445.jpg 600w, https:\/\/www.stjohnsonthegreen.org\/wp-content\/uploads\/2026\/03\/Sin-Fronteras-1024x759.jpg 1024w, https:\/\/www.stjohnsonthegreen.org\/wp-content\/uploads\/2026\/03\/Sin-Fronteras-250x185.jpg 250w\" sizes=\"auto, (max-width: 680px) 100vw, 680px\" \/><\/p>\n<p><span style=\"color: #000000;\">Hartford-based <strong>SIN FRONTERAS<\/strong> interprets a wide repertoire of traditional Andean music, highlighting legendary instruments from this mountain range such as the quena, panpipes, and charango. The quartet celebrates the rich musical culture of its members\u2019 home countries: Peru, Ecuador and Chile. Sin Fronteras has been sharing the rhythms and melodies of Andean and Mestizo roots in concerts and school workshops around New England for nearly a decade.<\/span><\/p>\n<p><span style=\"color: #000000;\"><strong>TICKETS:<\/strong> <a href=\"https:\/\/www.eventbrite.com\/e\/sin-fronteras-tickets-1985522145185\" target=\"_blank\" rel=\"noopener\">Click on the EventBrite page<\/a> to purchase tickets: $25 for adults and $15 for youth ages 18 and under.<\/span><\/p>\n<p><span style=\"color: #333399;\"><strong>SIN FRONTERAS,<\/strong> agrupaci\u00f3n con sede en Hartford, interpreta un amplio repertorio de m\u00fasica tradicional andina, destacando instrumentos legendarios de esta cordillera tales como la quena, la zampo\u00f1a y el charango. El cuarteto celebra la rica cultura musical de los pa\u00edses de origen de sus integrantes: Per\u00fa, Ecuador y Chile. Desde hace casi una d\u00e9cada, Sin Fronteras ha compartido los ritmos y melod\u00edas de ra\u00edces andinas y mestizas a trav\u00e9s de conciertos y talleres escolares por toda Nueva Inglaterra.<\/span><\/p>\n<p><span style=\"color: #333399;\"><strong>ENTRADAS:<\/strong> <a href=\"https:\/\/www.eventbrite.com\/e\/sin-fronteras-tickets-1985522145185\" target=\"_blank\" rel=\"noopener\">Haga clic en la p\u00e1gina de EventBrite<\/a> para adquirir sus entradas: $25 para adultos y $15 para j\u00f3venes de 18 a\u00f1os o menos.\u00a0<\/span><\/p>\n<p><img loading=\"lazy\" decoding=\"async\" class=\"alignnone wp-image-15553\" src=\"https:\/\/www.stjohnsonthegreen.org\/wp-content\/uploads\/2026\/03\/Sin-Fronteras.jpg\" alt=\"\" width=\"680\" height=\"504\" srcset=\"https:\/\/www.stjohnsonthegreen.org\/wp-content\/uploads\/2026\/03\/Sin-Fronteras.jpg 1167w, https:\/\/www.stjohnsonthegreen.org\/wp-content\/uploads\/2026\/03\/Sin-Fronteras-600x445.jpg 600w, https:\/\/www.stjohnsonthegreen.org\/wp-content\/uploads\/2026\/03\/Sin-Fronteras-1024x759.jpg 1024w, https:\/\/www.stjohnsonthegreen.org\/wp-content\/uploads\/2026\/03\/Sin-Fronteras-250x185.jpg 250w\" sizes=\"auto, (max-width: 680px) 100vw, 680px\" \/><\/p>\n","protected":false},"excerpt":{"rendered":"<p><img decoding=\"async\" class=\"alignnone wp-image-15553\" src=\"https:\/\/www.stjohnsonthegreen.org\/wp-content\/uploads\/2026\/03\/Sin-Fronteras.jpg\" alt=\"\" width=\"350\" srcset=\"https:\/\/www.stjohnsonthegreen.org\/wp-content\/uploads\/2026\/03\/Sin-Fronteras.jpg 1167w, https:\/\/www.stjohnsonthegreen.org\/wp-content\/uploads\/2026\/03\/Sin-Fronteras-600x445.jpg 600w, https:\/\/www.stjohnsonthegreen.org\/wp-content\/uploads\/2026\/03\/Sin-Fronteras-1024x759.jpg 1024w, https:\/\/www.stjohnsonthegreen.org\/wp-content\/uploads\/2026\/03\/Sin-Fronteras-250x185.jpg 250w\" sizes=\"(max-width: 1167px) 100vw, 1167px\" \/><\/p>\n<p>&nbsp;<\/p>\n<p><span style=\"color: #000000;\">Hartford-based SIN FRONTERAS interprets a wide repertoire of traditional Andean music, highlighting legendary instruments from this mountain range such as the quena, panpipes, and charango. The quartet celebrates the rich musical culture of its members\u2019 home countries: Peru, Ecuador and Chile. <span style=\"color: #bb0000;\">Tickets are $25 for adults and $15 for youth ages 18 and under.<\/span><a href=\"https:\/\/www.eventbrite.com\/e\/sin-fronteras-tickets-1985522145185\" target=\"_blank\" rel=\"noopener\">Click here to buy your tickets today!<\/a><\/span><\/p>\n","protected":false},"author":2,"featured_media":0,"parent":0,"menu_order":0,"comment_status":"closed","ping_status":"closed","template":"","meta":{"footnotes":""},"class_list":["post-15755","page","type-page","status-publish","hentry"],"_links":{"self":[{"href":"https:\/\/www.stjohnsonthegreen.org\/index.php?rest_route=\/wp\/v2\/pages\/15755","targetHints":{"allow":["GET"]}}],"collection":[{"href":"https:\/\/www.stjohnsonthegreen.org\/index.php?rest_route=\/wp\/v2\/pages"}],"about":[{"href":"https:\/\/www.stjohnsonthegreen.org\/index.php?rest_route=\/wp\/v2\/types\/page"}],"author":[{"embeddable":true,"href":"https:\/\/www.stjohnsonthegreen.org\/index.php?rest_route=\/wp\/v2\/users\/2"}],"replies":[{"embeddable":true,"href":"https:\/\/www.stjohnsonthegreen.org\/index.php?rest_route=%2Fwp%2Fv2%2Fcomments&post=15755"}],"version-history":[{"count":2,"href":"https:\/\/www.stjohnsonthegreen.org\/index.php?rest_route=\/wp\/v2\/pages\/15755\/revisions"}],"predecessor-version":[{"id":15786,"href":"https:\/\/www.stjohnsonthegreen.org\/index.php?rest_route=\/wp\/v2\/pages\/15755\/revisions\/15786"}],"wp:attachment":[{"href":"https:\/\/www.stjohnsonthegreen.org\/index.php?rest_route=%2Fwp%2Fv2%2Fmedia&parent=15755"}],"curies":[{"name":"wp","href":"https:\/\/api.w.org\/{rel}","templated":true}]}}